{"id":10,"date":"2023-02-07T11:48:43","date_gmt":"2023-02-07T11:48:43","guid":{"rendered":"http:\/\/bohemiantribe.hr\/?page_id=10"},"modified":"2023-03-03T07:48:11","modified_gmt":"2023-03-03T07:48:11","slug":"naslovna","status":"publish","type":"page","link":"https:\/\/bohemiantribe.hr\/","title":{"rendered":"Naslovna"},"content":{"rendered":"<section class=\"wpb-content-wrapper\"><p>[vc_row full_width=&#8221;stretch_row_content_no_spaces&#8221;][vc_column css_animation=&#8221;fade&#8221;]\n\t\t\t<!-- START Nalovna REVOLUTION SLIDER 6.6.7 --><p class=\"rs-p-wp-fix\"><\/p>\n\t\t\t<rs-module-wrap id=\"rev_slider_1_1_wrapper\" data-source=\"gallery\" style=\"visibility:hidden;background:transparent;padding:0;margin:0px auto;margin-top:0;margin-bottom:0;\">\n\t\t\t\t<rs-module id=\"rev_slider_1_1\" style=\"\" data-version=\"6.6.7\">\n\t\t\t\t\t<rs-slides style=\"overflow: hidden; position: absolute;\">\n\t\t\t\t\t\t<rs-slide style=\"position: absolute;\" data-key=\"rs-1\" data-title=\"Slide\" data-thumb=\"\/\/bohemiantribe.hr\/wp-content\/uploads\/2023\/02\/1_slide-50x100.jpg\" data-in=\"o:0;\" data-out=\"a:false;\">\n\t\t\t\t\t\t\t<img decoding=\"async\" src=\"\/\/bohemiantribe.hr\/wp-content\/plugins\/revslider\/public\/assets\/assets\/dummy.png\" alt=\"\" title=\"1_slide\" width=\"1600\" height=\"700\" class=\"rev-slidebg tp-rs-img rs-lazyload\" data-lazyload=\"\/\/bohemiantribe.hr\/wp-content\/uploads\/2023\/02\/1_slide.jpg\" data-no-retina>\n<!--\n\t\t\t\t\t\t\t--><rs-layer\n\t\t\t\t\t\t\t\tid=\"slider-1-slide-1-layer-0\" \n\t\t\t\t\t\t\t\tdata-type=\"text\"\n\t\t\t\t\t\t\t\tdata-color=\"#000000\"\n\t\t\t\t\t\t\t\tdata-rsp_ch=\"on\"\n\t\t\t\t\t\t\t\tdata-xy=\"x:c;y:b;yo:83px;\"\n\t\t\t\t\t\t\t\tdata-text=\"w:normal;s:55;l:60;fw:500;a:center;\"\n\t\t\t\t\t\t\t\tdata-frame_0=\"y:50;\"\n\t\t\t\t\t\t\t\tdata-frame_1=\"st:990;sp:1000;\"\n\t\t\t\t\t\t\t\tdata-frame_999=\"o:0;st:w;sR:7010;\"\n\t\t\t\t\t\t\t\tstyle=\"z-index:7;font-family:'Frank Ruhl Libre';\"\n\t\t\t\t\t\t\t>Dobro nam do\u0161li u Bohemian Tribe, dom zdrave kose. \n\t\t\t\t\t\t\t<\/rs-layer><!--\n\n\t\t\t\t\t\t\t--><rs-layer\n\t\t\t\t\t\t\t\tid=\"slider-1-slide-1-layer-1\" \n\t\t\t\t\t\t\t\tdata-type=\"shape\"\n\t\t\t\t\t\t\t\tdata-rsp_ch=\"on\"\n\t\t\t\t\t\t\t\tdata-xy=\"x:c;xo:-3px;y:b;yo:42px;\"\n\t\t\t\t\t\t\t\tdata-text=\"w:normal;\"\n\t\t\t\t\t\t\t\tdata-dim=\"w:1600px;h:150px;\"\n\t\t\t\t\t\t\t\tdata-frame_0=\"sX:0.8;sY:0.8;\"\n\t\t\t\t\t\t\t\tdata-frame_1=\"e:power4.out;sp:1000;\"\n\t\t\t\t\t\t\t\tdata-frame_999=\"o:0;st:w;\"\n\t\t\t\t\t\t\t\tstyle=\"z-index:6;background-color:rgba(255,255,255,0.35);\"\n\t\t\t\t\t\t\t> \n\t\t\t\t\t\t\t<\/rs-layer><!--\n-->\t\t\t\t\t\t<\/rs-slide>\n\t\t\t\t\t\t<rs-slide style=\"position: absolute;\" data-key=\"rs-4\" data-title=\"Slide\" data-thumb=\"\/\/bohemiantribe.hr\/wp-content\/uploads\/2023\/02\/2_slide-50x100.jpg\" data-anim=\"d:50;\" data-filter=\"b:2;\" data-in=\"o:0;x:(-20%);y:(-20%);sx:1.5;sy:1.5;m:true;row:6;\">\n\t\t\t\t\t\t\t<img decoding=\"async\" src=\"\/\/bohemiantribe.hr\/wp-content\/plugins\/revslider\/public\/assets\/assets\/dummy.png\" alt=\"\" title=\"2_slide\" width=\"1600\" height=\"700\" class=\"rev-slidebg tp-rs-img rs-lazyload\" data-lazyload=\"\/\/bohemiantribe.hr\/wp-content\/uploads\/2023\/02\/2_slide.jpg\" data-no-retina>\n<!---->\t\t\t\t\t\t<\/rs-slide>\n\t\t\t\t\t\t<rs-slide style=\"position: absolute;\" data-key=\"rs-5\" data-title=\"Slide\" data-thumb=\"\/\/bohemiantribe.hr\/wp-content\/uploads\/2023\/02\/3_slide-50x100.jpg\" data-anim=\"f:edges;\" data-in=\"o:1;y:(-100%);col:5;\">\n\t\t\t\t\t\t\t<img decoding=\"async\" src=\"\/\/bohemiantribe.hr\/wp-content\/plugins\/revslider\/public\/assets\/assets\/dummy.png\" alt=\"\" title=\"3_slide\" width=\"1600\" height=\"700\" class=\"rev-slidebg tp-rs-img rs-lazyload\" data-lazyload=\"\/\/bohemiantribe.hr\/wp-content\/uploads\/2023\/02\/3_slide.jpg\" data-no-retina>\n<!---->\t\t\t\t\t\t<\/rs-slide>\n\t\t\t\t\t<\/rs-slides>\n\t\t\t\t<\/rs-module>\n\t\t\t\t<script>\n\t\t\t\t\tsetREVStartSize({c: 'rev_slider_1_1',rl:[1240,1024,778,480],el:[700],gw:[1600],gh:[700],type:'standard',justify:'',layout:'fullwidth',mh:\"0\"});if (window.RS_MODULES!==undefined && window.RS_MODULES.modules!==undefined && window.RS_MODULES.modules[\"revslider11\"]!==undefined) {window.RS_MODULES.modules[\"revslider11\"].once = false;window.revapi1 = undefined;if (window.RS_MODULES.checkMinimal!==undefined) window.RS_MODULES.checkMinimal()}\n\t\t\t\t<\/script>\n\t\t\t<\/rs-module-wrap>\n\t\t\t<!-- END REVOLUTION SLIDER -->\n[vc_empty_space height=&#8221;50px&#8221;][vc_custom_heading text=&#8221;O nama&#8221; font_container=&#8221;tag:h2|text_align:center&#8221; use_theme_fonts=&#8221;yes&#8221; css_animation=&#8221;zoomIn&#8221;][\/vc_column][\/vc_row][vc_row full_width=&#8221;stretch_row_content_no_spaces&#8221;][vc_column width=&#8221;1\/6&#8243;][vc_single_image image=&#8221;397&#8243; img_size=&#8221;full&#8221; alignment=&#8221;center&#8221; css_animation=&#8221;slideInDown&#8221;][\/vc_column][vc_column width=&#8221;2\/3&#8243;][vc_empty_space height=&#8221;25px&#8221;][vc_column_text css_animation=&#8221;appear&#8221;]<\/p>\n<h4 style=\"text-align: center;\">Svaka na\u0161a usluga je personalizirana,<br \/>\nprilago\u0111ena vama i va\u0161oj kosi &#8211; zato \u0161to nam je stalo.<\/h4>\n<p>[\/vc_column_text][vc_empty_space height=&#8221;25px&#8221;][vc_btn title=&#8221;VI\u0160E O NAMA&#8221; style=&#8221;outline&#8221; shape=&#8221;square&#8221; color=&#8221;black&#8221; align=&#8221;center&#8221; css_animation=&#8221;appear&#8221; link=&#8221;url:http%3A%2F%2Fbohemiantribe.hr%2Findex.php%2Fo-nama%2F|title:O%20nama&#8221;][\/vc_column][vc_column width=&#8221;1\/6&#8243;][vc_single_image image=&#8221;392&#8243; img_size=&#8221;full&#8221; alignment=&#8221;center&#8221; css_animation=&#8221;slideInUp&#8221;][\/vc_column][\/vc_row][vc_row full_width=&#8221;stretch_row_content_no_spaces&#8221;][vc_column][vc_empty_space height=&#8221;50px&#8221;][vc_single_image image=&#8221;568&#8243; img_size=&#8221;full&#8221; alignment=&#8221;center&#8221; css_animation=&#8221;zoomIn&#8221;][vc_column_text css_animation=&#8221;appear&#8221; css=&#8221;.vc_custom_1677829675107{margin-right: 5px !important;margin-left: 5px !important;}&#8221;]<\/p>\n<div dir=\"auto\" style=\"text-align: center;\">\n<p>Na\u0161a je vizija stvoriti odnos temeljen na obostranom po\u0161tovanju. Dopustite nam da vas vodimo kroz to iskustvo, kao nitko do sada.<br \/>\nSvjesni smo koliko vam je kosa va\u017ena: i mi \u017eelimo da ona bude najbolji mogu\u0107i okvir va\u0161oj jedinstvenoj ljepoti.<br \/>\nNa\u0161 je pristup kosi holisti\u010dki i kompleksan, jer \u017eelimo po\u010deti od temelja<br \/>\ni na njima graditi dugotrajnu, zdravu ljepotu.<\/p>\n<\/div>\n<p>[\/vc_column_text][\/vc_column][\/vc_row][vc_row][vc_column css_animation=&#8221;none&#8221; width=&#8221;1\/6&#8243;][vc_empty_space height=&#8221;40px&#8221;][\/vc_column][vc_column width=&#8221;2\/3&#8243;][vc_empty_space height=&#8221;25px&#8221;][vc_single_image image=&#8221;396&#8243; img_size=&#8221;full&#8221; alignment=&#8221;center&#8221; css_animation=&#8221;slideInLeft&#8221;][vc_empty_space height=&#8221;25px&#8221;][\/vc_column][vc_column width=&#8221;1\/6&#8243;][\/vc_column][\/vc_row][vc_row full_width=&#8221;stretch_row_content_no_spaces&#8221; css_animation=&#8221;none&#8221;][vc_column css_animation=&#8221;none&#8221; width=&#8221;1\/2&#8243;][vc_single_image image=&#8221;589&#8243; img_size=&#8221;FULL&#8221; alignment=&#8221;right&#8221; css_animation=&#8221;slideInLeft&#8221;][\/vc_column][vc_column width=&#8221;1\/2&#8243;][vc_empty_space height=&#8221;25px&#8221;][vc_column_text css_animation=&#8221;slideInRight&#8221; css=&#8221;.vc_custom_1677347382758{margin-left: 25px !important;}&#8221;]<\/p>\n<h2>Prvi korak<br \/>\ndo prekrasne kose<\/h2>\n<p>[\/vc_column_text][vc_column_text css_animation=&#8221;slideInRight&#8221; css=&#8221;.vc_custom_1677348459528{margin-left: 50px !important;}&#8221;]<\/p>\n<div dir=\"auto\">\n<p>Prvi korak do prekrasne kose je dobro obavljena konzultacija.<br \/>\nMi vas uvijek ohrabrujemo da na konzultacije ponesete sliku ili<br \/>\nslike va\u0161e boje iz snova..<\/p>\n<p>ZA\u0160TO?<\/p>\n<p>Svi mi vidimo druk\u010dije boje, a i nekad profesionalni jezik<br \/>\nmo\u017ee biti malo previ\u0161e za vas.<\/p>\n<\/div>\n<div dir=\"auto\">\n<p>Na konzultacijama gledamo:<br \/>\n&#8211; stanje vlasi\u0161ta<br \/>\n&#8211; teksturu kose<br \/>\n&#8211; tip kose<br \/>\n&#8211; stupanj hidratacije<br \/>\n&#8211; njege kose<br \/>\n&#8211; dali ima kemijska i \/ili<br \/>\nmehani\u010dka o\u0161te\u0107enja<\/p>\n<p>i u odnosu na \u017eelje, a i uz na\u0161e stru\u010dno vodstvo<br \/>\nosobne fizi\u010dke zna\u010dajke (oblik, tonovi lica i o\u010diju)<br \/>\ni \u017eivotni stil,<br \/>\nodabiremo i radimo plan<br \/>\nprema va\u0161oj boji i kosi iz snova.<\/p>\n<\/div>\n<p>&nbsp;<\/p>\n<p>&nbsp;[\/vc_column_text][vc_btn title=&#8221;VI\u0160E O USLUGAMA&#8221; style=&#8221;outline&#8221; shape=&#8221;square&#8221; color=&#8221;black&#8221; align=&#8221;left&#8221; css_animation=&#8221;appear&#8221; link=&#8221;url:http%3A%2F%2Fbohemiantribe.hr%2Findex.php%2Fusluge%2F|title:Usluge&#8221; css=&#8221;.vc_custom_1677347438088{margin-left: 50px !important;}&#8221;][\/vc_column][\/vc_row][vc_row][vc_column][vc_empty_space height=&#8221;25px&#8221;][\/vc_column][\/vc_row]<\/p>\n<\/section>","protected":false},"excerpt":{"rendered":"<p>[vc_row full_width=&#8221;stretch_row_content_no_spaces&#8221;][vc_column css_animation=&#8221;fade&#8221;][vc_empty_space height=&#8221;50px&#8221;][vc_custom_heading text=&#8221;O nama&#8221; font_container=&#8221;tag:h2|text_align:center&#8221; use_theme_fonts=&#8221;yes&#8221; css_animation=&#8221;zoomIn&#8221;][\/vc_column][\/vc_row][vc_row full_width=&#8221;stretch_row_content_no_spaces&#8221;][vc_column width=&#8221;1\/6&#8243;][vc_single_image image=&#8221;397&#8243; img_size=&#8221;full&#8221; alignment=&#8221;center&#8221; css_animation=&#8221;slideInDown&#8221;][\/vc_column][vc_column width=&#8221;2\/3&#8243;][vc_empty_space height=&#8221;25px&#8221;][vc_column_text css_animation=&#8221;appear&#8221;] Svaka na\u0161a usluga je personalizirana, prilago\u0111ena vama i va\u0161oj kosi &#8211; zato \u0161to nam je stalo. [\/vc_column_text][vc_empty_space height=&#8221;25px&#8221;][vc_btn title=&#8221;VI\u0160E O NAMA&#8221; style=&#8221;outline&#8221; shape=&#8221;square&#8221; color=&#8221;black&#8221; align=&#8221;center&#8221; css_animation=&#8221;appear&#8221; link=&#8221;url:http%3A%2F%2Fbohemiantribe.hr%2Findex.php%2Fo-nama%2F|title:O%20nama&#8221;][\/vc_column][vc_column width=&#8221;1\/6&#8243;][vc_single_image image=&#8221;392&#8243; img_size=&#8221;full&#8221; alignment=&#8221;center&#8221; css_animation=&#8221;slideInUp&#8221;][\/vc_column][\/vc_row][vc_row full_width=&#8221;stretch_row_content_no_spaces&#8221;][vc_column][vc_empty_space height=&#8221;50px&#8221;][vc_single_image image=&#8221;568&#8243; img_size=&#8221;full&#8221; alignment=&#8221;center&#8221; [&hellip;]<\/p>\n","protected":false},"author":1,"featured_media":0,"parent":0,"menu_order":0,"comment_status":"closed","ping_status":"closed","template":"","meta":{"ngg_post_thumbnail":0,"footnotes":""},"class_list":["post-10","page","type-page","status-publish","hentry","entry"],"yoast_head":"<!-- This site is optimized with the Yoast SEO plugin v20.1 - https:\/\/yoast.com\/wordpress\/plugins\/seo\/ -->\n<title>Naslovna - Bohemian Tribe Beauty Concept<\/title>\n<meta name=\"robots\" content=\"index, follow, max-snippet:-1, max-image-preview:large, max-video-preview:-1\" \/>\n<link rel=\"canonical\" href=\"http:\/\/bohemiantribe.hr\/\" \/>\n<meta property=\"og:locale\" content=\"en_US\" \/>\n<meta property=\"og:type\" content=\"article\" \/>\n<meta property=\"og:title\" content=\"Naslovna - Bohemian Tribe Beauty Concept\" \/>\n<meta property=\"og:description\" content=\"[vc_row full_width=&#8221;stretch_row_content_no_spaces&#8221;][vc_column css_animation=&#8221;fade&#8221;][vc_empty_space height=&#8221;50px&#8221;][vc_custom_heading text=&#8221;O nama&#8221; font_container=&#8221;tag:h2|text_align:center&#8221; use_theme_fonts=&#8221;yes&#8221; css_animation=&#8221;zoomIn&#8221;][\/vc_column][\/vc_row][vc_row full_width=&#8221;stretch_row_content_no_spaces&#8221;][vc_column width=&#8221;1\/6&#8243;][vc_single_image image=&#8221;397&#8243; img_size=&#8221;full&#8221; alignment=&#8221;center&#8221; css_animation=&#8221;slideInDown&#8221;][\/vc_column][vc_column width=&#8221;2\/3&#8243;][vc_empty_space height=&#8221;25px&#8221;][vc_column_text css_animation=&#8221;appear&#8221;] Svaka na\u0161a usluga je personalizirana, prilago\u0111ena vama i va\u0161oj kosi &#8211; zato \u0161to nam je stalo. [\/vc_column_text][vc_empty_space height=&#8221;25px&#8221;][vc_btn title=&#8221;VI\u0160E O NAMA&#8221; style=&#8221;outline&#8221; shape=&#8221;square&#8221; color=&#8221;black&#8221; align=&#8221;center&#8221; css_animation=&#8221;appear&#8221; link=&#8221;url:http%3A%2F%2Fbohemiantribe.hr%2Findex.php%2Fo-nama%2F|title:O%20nama&#8221;][\/vc_column][vc_column width=&#8221;1\/6&#8243;][vc_single_image image=&#8221;392&#8243; img_size=&#8221;full&#8221; alignment=&#8221;center&#8221; css_animation=&#8221;slideInUp&#8221;][\/vc_column][\/vc_row][vc_row full_width=&#8221;stretch_row_content_no_spaces&#8221;][vc_column][vc_empty_space height=&#8221;50px&#8221;][vc_single_image image=&#8221;568&#8243; img_size=&#8221;full&#8221; alignment=&#8221;center&#8221; [&hellip;]\" \/>\n<meta property=\"og:url\" content=\"http:\/\/bohemiantribe.hr\/\" \/>\n<meta property=\"og:site_name\" content=\"Bohemian Tribe Beauty Concept\" \/>\n<meta property=\"article:publisher\" content=\"https:\/\/www.facebook.com\/bohemianbeautyconcept\" \/>\n<meta property=\"article:modified_time\" content=\"2023-03-03T07:48:11+00:00\" \/>\n<meta name=\"twitter:card\" content=\"summary_large_image\" \/>\n<meta name=\"twitter:label1\" content=\"Est. reading time\" \/>\n\t<meta name=\"twitter:data1\" content=\"2 minutes\" \/>\n<script type=\"application\/ld+json\" class=\"yoast-schema-graph\">{\"@context\":\"https:\/\/schema.org\",\"@graph\":[{\"@type\":\"WebPage\",\"@id\":\"http:\/\/bohemiantribe.hr\/\",\"url\":\"http:\/\/bohemiantribe.hr\/\",\"name\":\"Naslovna - Bohemian Tribe Beauty Concept\",\"isPartOf\":{\"@id\":\"http:\/\/bohemiantribe.hr\/#website\"},\"datePublished\":\"2023-02-07T11:48:43+00:00\",\"dateModified\":\"2023-03-03T07:48:11+00:00\",\"breadcrumb\":{\"@id\":\"http:\/\/bohemiantribe.hr\/#breadcrumb\"},\"inLanguage\":\"en-US\",\"potentialAction\":[{\"@type\":\"ReadAction\",\"target\":[\"http:\/\/bohemiantribe.hr\/\"]}]},{\"@type\":\"BreadcrumbList\",\"@id\":\"http:\/\/bohemiantribe.hr\/#breadcrumb\",\"itemListElement\":[{\"@type\":\"ListItem\",\"position\":1,\"name\":\"Home\",\"item\":\"http:\/\/bohemiantribe.hr\/\"},{\"@type\":\"ListItem\",\"position\":2,\"name\":\"Naslovna\"}]},{\"@type\":\"WebSite\",\"@id\":\"http:\/\/bohemiantribe.hr\/#website\",\"url\":\"http:\/\/bohemiantribe.hr\/\",\"name\":\"Bohemian Tribe Beauty Concept\",\"description\":\"\",\"publisher\":{\"@id\":\"http:\/\/bohemiantribe.hr\/#organization\"},\"potentialAction\":[{\"@type\":\"SearchAction\",\"target\":{\"@type\":\"EntryPoint\",\"urlTemplate\":\"http:\/\/bohemiantribe.hr\/?s={search_term_string}\"},\"query-input\":\"required name=search_term_string\"}],\"inLanguage\":\"en-US\"},{\"@type\":\"Organization\",\"@id\":\"http:\/\/bohemiantribe.hr\/#organization\",\"name\":\"Bohemian Tribe Beauty Concept\",\"url\":\"http:\/\/bohemiantribe.hr\/\",\"logo\":{\"@type\":\"ImageObject\",\"inLanguage\":\"en-US\",\"@id\":\"http:\/\/bohemiantribe.hr\/#\/schema\/logo\/image\/\",\"url\":\"https:\/\/bohemiantribe.hr\/wp-content\/uploads\/2023\/02\/Bohemian-tribe-logo_1.jpg\",\"contentUrl\":\"https:\/\/bohemiantribe.hr\/wp-content\/uploads\/2023\/02\/Bohemian-tribe-logo_1.jpg\",\"width\":500,\"height\":500,\"caption\":\"Bohemian Tribe Beauty Concept\"},\"image\":{\"@id\":\"http:\/\/bohemiantribe.hr\/#\/schema\/logo\/image\/\"},\"sameAs\":[\"https:\/\/www.facebook.com\/bohemianbeautyconcept\",\"https:\/\/www.instagram.com\/bohemiantribebeauty_concept?utm_source=qr\"]}]}<\/script>\n<!-- \/ Yoast SEO plugin. -->","yoast_head_json":{"title":"Naslovna - Bohemian Tribe Beauty Concept","robots":{"index":"index","follow":"follow","max-snippet":"max-snippet:-1","max-image-preview":"max-image-preview:large","max-video-preview":"max-video-preview:-1"},"canonical":"http:\/\/bohemiantribe.hr\/","og_locale":"en_US","og_type":"article","og_title":"Naslovna - Bohemian Tribe Beauty Concept","og_description":"[vc_row full_width=&#8221;stretch_row_content_no_spaces&#8221;][vc_column css_animation=&#8221;fade&#8221;][vc_empty_space height=&#8221;50px&#8221;][vc_custom_heading text=&#8221;O nama&#8221; font_container=&#8221;tag:h2|text_align:center&#8221; use_theme_fonts=&#8221;yes&#8221; css_animation=&#8221;zoomIn&#8221;][\/vc_column][\/vc_row][vc_row full_width=&#8221;stretch_row_content_no_spaces&#8221;][vc_column width=&#8221;1\/6&#8243;][vc_single_image image=&#8221;397&#8243; img_size=&#8221;full&#8221; alignment=&#8221;center&#8221; css_animation=&#8221;slideInDown&#8221;][\/vc_column][vc_column width=&#8221;2\/3&#8243;][vc_empty_space height=&#8221;25px&#8221;][vc_column_text css_animation=&#8221;appear&#8221;] Svaka na\u0161a usluga je personalizirana, prilago\u0111ena vama i va\u0161oj kosi &#8211; zato \u0161to nam je stalo. [\/vc_column_text][vc_empty_space height=&#8221;25px&#8221;][vc_btn title=&#8221;VI\u0160E O NAMA&#8221; style=&#8221;outline&#8221; shape=&#8221;square&#8221; color=&#8221;black&#8221; align=&#8221;center&#8221; css_animation=&#8221;appear&#8221; link=&#8221;url:http%3A%2F%2Fbohemiantribe.hr%2Findex.php%2Fo-nama%2F|title:O%20nama&#8221;][\/vc_column][vc_column width=&#8221;1\/6&#8243;][vc_single_image image=&#8221;392&#8243; img_size=&#8221;full&#8221; alignment=&#8221;center&#8221; css_animation=&#8221;slideInUp&#8221;][\/vc_column][\/vc_row][vc_row full_width=&#8221;stretch_row_content_no_spaces&#8221;][vc_column][vc_empty_space height=&#8221;50px&#8221;][vc_single_image image=&#8221;568&#8243; img_size=&#8221;full&#8221; alignment=&#8221;center&#8221; [&hellip;]","og_url":"http:\/\/bohemiantribe.hr\/","og_site_name":"Bohemian Tribe Beauty Concept","article_publisher":"https:\/\/www.facebook.com\/bohemianbeautyconcept","article_modified_time":"2023-03-03T07:48:11+00:00","twitter_card":"summary_large_image","twitter_misc":{"Est. reading time":"2 minutes"},"schema":{"@context":"https:\/\/schema.org","@graph":[{"@type":"WebPage","@id":"http:\/\/bohemiantribe.hr\/","url":"http:\/\/bohemiantribe.hr\/","name":"Naslovna - Bohemian Tribe Beauty Concept","isPartOf":{"@id":"http:\/\/bohemiantribe.hr\/#website"},"datePublished":"2023-02-07T11:48:43+00:00","dateModified":"2023-03-03T07:48:11+00:00","breadcrumb":{"@id":"http:\/\/bohemiantribe.hr\/#breadcrumb"},"inLanguage":"en-US","potentialAction":[{"@type":"ReadAction","target":["http:\/\/bohemiantribe.hr\/"]}]},{"@type":"BreadcrumbList","@id":"http:\/\/bohemiantribe.hr\/#breadcrumb","itemListElement":[{"@type":"ListItem","position":1,"name":"Home","item":"http:\/\/bohemiantribe.hr\/"},{"@type":"ListItem","position":2,"name":"Naslovna"}]},{"@type":"WebSite","@id":"http:\/\/bohemiantribe.hr\/#website","url":"http:\/\/bohemiantribe.hr\/","name":"Bohemian Tribe Beauty Concept","description":"","publisher":{"@id":"http:\/\/bohemiantribe.hr\/#organization"},"potentialAction":[{"@type":"SearchAction","target":{"@type":"EntryPoint","urlTemplate":"http:\/\/bohemiantribe.hr\/?s={search_term_string}"},"query-input":"required name=search_term_string"}],"inLanguage":"en-US"},{"@type":"Organization","@id":"http:\/\/bohemiantribe.hr\/#organization","name":"Bohemian Tribe Beauty Concept","url":"http:\/\/bohemiantribe.hr\/","logo":{"@type":"ImageObject","inLanguage":"en-US","@id":"http:\/\/bohemiantribe.hr\/#\/schema\/logo\/image\/","url":"https:\/\/bohemiantribe.hr\/wp-content\/uploads\/2023\/02\/Bohemian-tribe-logo_1.jpg","contentUrl":"https:\/\/bohemiantribe.hr\/wp-content\/uploads\/2023\/02\/Bohemian-tribe-logo_1.jpg","width":500,"height":500,"caption":"Bohemian Tribe Beauty Concept"},"image":{"@id":"http:\/\/bohemiantribe.hr\/#\/schema\/logo\/image\/"},"sameAs":["https:\/\/www.facebook.com\/bohemianbeautyconcept","https:\/\/www.instagram.com\/bohemiantribebeauty_concept?utm_source=qr"]}]}},"_links":{"self":[{"href":"https:\/\/bohemiantribe.hr\/index.php\/wp-json\/wp\/v2\/pages\/10","targetHints":{"allow":["GET"]}}],"collection":[{"href":"https:\/\/bohemiantribe.hr\/index.php\/wp-json\/wp\/v2\/pages"}],"about":[{"href":"https:\/\/bohemiantribe.hr\/index.php\/wp-json\/wp\/v2\/types\/page"}],"author":[{"embeddable":true,"href":"https:\/\/bohemiantribe.hr\/index.php\/wp-json\/wp\/v2\/users\/1"}],"replies":[{"embeddable":true,"href":"https:\/\/bohemiantribe.hr\/index.php\/wp-json\/wp\/v2\/comments?post=10"}],"version-history":[{"count":103,"href":"https:\/\/bohemiantribe.hr\/index.php\/wp-json\/wp\/v2\/pages\/10\/revisions"}],"predecessor-version":[{"id":643,"href":"https:\/\/bohemiantribe.hr\/index.php\/wp-json\/wp\/v2\/pages\/10\/revisions\/643"}],"wp:attachment":[{"href":"https:\/\/bohemiantribe.hr\/index.php\/wp-json\/wp\/v2\/media?parent=10"}],"curies":[{"name":"wp","href":"https:\/\/api.w.org\/{rel}","templated":true}]}}